{"id":99,"date":"2016-06-19T10:35:13","date_gmt":"2016-06-19T10:35:13","guid":{"rendered":"http:\/\/heidemarie-albers.de\/?page_id=99"},"modified":"2024-01-13T15:39:04","modified_gmt":"2024-01-13T15:39:04","slug":"austellungen","status":"publish","type":"page","link":"https:\/\/heidemarie-albers.de\/?page_id=99","title":{"rendered":"Ausstellungen"},"content":{"rendered":"\n<h1 class=\"wp-block-heading\">Hier finden Sie eine Auswahl<br>meiner Einzel-Ausstellungen ..<strong>.<\/strong><\/h1>\n\n\n\n<div class=\"wp-block-group\"><div class=\"wp-block-group__inner-container is-layout-constrained wp-block-group-is-layout-constrained\">\n<pre class=\"wp-block-preformatted\"><strong>1980<\/strong> - Deutsche Bank, Witten<br><strong>1981<\/strong> - Theater auf der Wilhelmsh\u00f6he, Lingen<br><strong>1985<\/strong> - Volksbank Lingen<br><strong>1987<\/strong> - 1. Werkstatt-Ausstellung<br><strong>1988<\/strong> - 2. Werkstatt-Ausstellung<br><strong>1989<\/strong> - 3. Werkstatt-Ausstellung<\/pre>\n\n\n\n<pre class=\"wp-block-preformatted\"><strong>1990<\/strong> - Ludwig Windthorst-Haus, Holthausen<br><strong>1990<\/strong> - Blaues Haus, Galerie Norderney<br><strong>1991<\/strong> - Sparda-Bank, Lingen<br><strong>1992<\/strong> - Kunstverein Lingen \/ Galerie im Professorenhaus<br><strong>1994<\/strong> - 4. Werkstatt-Ausstellung<br><strong>1997<\/strong> - \"10 Jahre Werkstatt in Lengerich\"<br><strong>1997<\/strong> - Rathaus der Samtgemeinde Lengerich<br><strong>1997<\/strong> - Klosterkirche, Hasel\u00fcnne<br><strong>1998<\/strong> - Altes Forsthaus, Lingen<br><strong>1999<\/strong> - Galerie \"Altes Sudhaus\", Kehlheim<\/pre>\n\n\n\n<pre class=\"wp-block-preformatted\"><strong>2001<\/strong> - \"Galerie im Autohaus Beil\", Frankenberg<br><strong>2002<\/strong> - \"Kunst im Wasserturm\", Lingen<br><strong>2002<\/strong> - \"Galerie im Autohaus Beil\", Korbach<br><strong>2003<\/strong> - \"Alles hat seine Zeit\": 19987 - 2003 Werkstatt unter\u00b4m Regenbogen<\/pre>\n\n\n\n<pre class=\"wp-block-preformatted\"><strong>2013<\/strong> - \"Krimi - Kunst und K\u00f6stlichkeiten, SOROPTIMISTEN, Meppen\n<strong>2015<\/strong> - Psychologisches Beratungszentrum, Lingen\n<strong>2016<\/strong> - Summertime, Caf\u00e9 im Professorenhaus, Lingen\n<strong>2017<\/strong> - \"Spaziergang durch die Jahreszeiten\" Kunst im Krankenhaus, Lingen\n<strong>2018 -&nbsp;<\/strong>EXPRESSIONEN - IMPRESSIONEN&nbsp; Kunsthalle Lingen AB\n<strong>2018<\/strong> - Kanzlei Kopp und Partner, Lingen\n<strong>2018<\/strong> - Wof\u00fcr das Herz schl\u00e4gt - Stadthaus Meppen AB\n<strong>2019<\/strong> - Kunstwege Lingen\n<strong>2019<\/strong> - Emsb\u00fcrener Musiktage 2019 (Kunstausstellung)<\/pre>\n\n\n\n<pre class=\"wp-block-preformatted\"><b>2020<\/b> - \u201eWir von hier\u201c, Kunsthalle Lingen AB<br><strong>2021<\/strong> - \"Alles kann sein.\", Ludwig-Windthorst-Haus, Lingen<br><strong>2022 -<\/strong> \"<em>VON HIER VON DA VON DORT\"<\/em> Kunsthalle Lingen, Mitglieder des Kunstvereins Lingen AB<\/pre>\n\n\n\n<p class=\"has-text-align-left has-medium-font-size\" style=\"font-style:normal;font-weight:300\">Neben den Einzelausstellungen zahlreiche Beteiligungen an Gemeinschaftsausstellungen.<\/p>\n\n\n\n<p><p class=\"has-text-align-left has-medium-font-size\" style=\"font-style:normal;font-weight:300\">Reisen u.a. nach \u00d6sterreich, Italien, Schweiz, Frankreich, Spanien, T\u00fcrkei, Israel, S\u00fcd-Afrika sowie Nord- und Ostsee gaben immer wieder Inspiration f\u00fcr neue Arbeiten.<\/p><\/p>\n\n\n\n<p><span style=\"color: #333333;\"><span style=\"font-family: Arial,sans-serif;\">&nbsp;<\/span><\/span><\/p>\n<\/div><\/div>\n","protected":false},"excerpt":{"rendered":"<p>Hier finden Sie eine Auswahlmeiner Einzel-Ausstellungen &#8230; 1980 &#8211; Deutsche Bank, Witten1981 &#8211; Theater auf der Wilhelmsh\u00f6he, Lingen1985 &#8211; Volksbank Lingen1987 &#8211; 1. Werkstatt-Ausstellung1988 &#8211; 2. Werkstatt-Ausstellung1989 &#8211; 3. Werkstatt-Ausstellung 1990 &#8211; Ludwig Windthorst-Haus, Holthausen1990 &#8211; Blaues Haus, Galerie Norderney1991 &#8211; Sparda-Bank, Lingen1992 &#8211; Kunstverein Lingen \/ Galerie im Professorenhaus1994 &#8211; 4. Werkstatt-Ausstellung1997 &#8211; &#8222;10 [&hellip;]<\/p>\n","protected":false},"author":1,"featured_media":108,"parent":0,"menu_order":0,"comment_status":"closed","ping_status":"closed","template":"","meta":{"footnotes":""},"class_list":["post-99","page","type-page","status-publish","has-post-thumbnail","hentry"],"_links":{"self":[{"href":"https:\/\/heidemarie-albers.de\/index.php?rest_route=\/wp\/v2\/pages\/99","targetHints":{"allow":["GET"]}}],"collection":[{"href":"https:\/\/heidemarie-albers.de\/index.php?rest_route=\/wp\/v2\/pages"}],"about":[{"href":"https:\/\/heidemarie-albers.de\/index.php?rest_route=\/wp\/v2\/types\/page"}],"author":[{"embeddable":true,"href":"https:\/\/heidemarie-albers.de\/index.php?rest_route=\/wp\/v2\/users\/1"}],"replies":[{"embeddable":true,"href":"https:\/\/heidemarie-albers.de\/index.php?rest_route=%2Fwp%2Fv2%2Fcomments&post=99"}],"version-history":[{"count":53,"href":"https:\/\/heidemarie-albers.de\/index.php?rest_route=\/wp\/v2\/pages\/99\/revisions"}],"predecessor-version":[{"id":2529,"href":"https:\/\/heidemarie-albers.de\/index.php?rest_route=\/wp\/v2\/pages\/99\/revisions\/2529"}],"wp:featuredmedia":[{"embeddable":true,"href":"https:\/\/heidemarie-albers.de\/index.php?rest_route=\/wp\/v2\/media\/108"}],"wp:attachment":[{"href":"https:\/\/heidemarie-albers.de\/index.php?rest_route=%2Fwp%2Fv2%2Fmedia&parent=99"}],"curies":[{"name":"wp","href":"https:\/\/api.w.org\/{rel}","templated":true}]}}